{"id":123,"date":"2021-01-20T15:53:52","date_gmt":"2021-01-20T15:53:52","guid":{"rendered":"https:\/\/kuk.def.content-data.de\/?page_id=123"},"modified":"2021-03-11T14:05:55","modified_gmt":"2021-03-11T14:05:55","slug":"stufenlose-loesungen","status":"publish","type":"page","link":"https:\/\/kemmann-koch.de\/en\/stufenlose-loesungen\/","title":{"rendered":"Stepless solutions"},"content":{"rendered":"<p>[et_pb_section fb_built=&#8221;1&#8243; _builder_version=&#8221;4.9.1&#8243; _module_preset=&#8221;default&#8221; background_image=&#8221;https:\/\/kemmann-koch.de\/wp-content\/uploads\/2021\/03\/header_couch_kemmann_koch.jpg&#8221; parallax=&#8221;on&#8221; parallax_method=&#8221;off&#8221; min_height=&#8221;600px&#8221; min_height_tablet=&#8221;&#8221; min_height_phone=&#8221;&#8221; min_height_last_edited=&#8221;on|desktop&#8221; hover_enabled=&#8221;0&#8243; locked=&#8221;off&#8221; title_text=&#8221;header_couch_kemmann_koch&#8221; sticky_enabled=&#8221;0&#8243;][et_pb_row _builder_version=&#8221;4.9.0&#8243; _module_preset=&#8221;default&#8221; background_enable_image=&#8221;off&#8221; transform_scale_tablet=&#8221;&#8221; transform_scale_phone=&#8221;&#8221; transform_scale_last_edited=&#8221;on|phone&#8221; transform_translate=&#8221;17px|258px&#8221; transform_translate_tablet=&#8221;0px|0px&#8221; transform_translate_phone=&#8221;0px|60px&#8221; transform_translate_last_edited=&#8221;on|phone&#8221; transform_translate_linked=&#8221;off&#8221; transform_rotate_tablet=&#8221;&#8221; transform_rotate_phone=&#8221;&#8221; transform_rotate_last_edited=&#8221;on|desktop&#8221; transform_skew_tablet=&#8221;&#8221; transform_skew_phone=&#8221;&#8221; transform_skew_last_edited=&#8221;on|desktop&#8221; transform_origin_tablet=&#8221;&#8221; transform_origin_phone=&#8221;&#8221; transform_origin_last_edited=&#8221;on|desktop&#8221; transform_styles_last_edited=&#8221;on|phone&#8221; width=&#8221;43%&#8221; width_tablet=&#8221;&#8221; width_phone=&#8221;90%&#8221; width_last_edited=&#8221;on|phone&#8221; module_alignment=&#8221;left&#8221; custom_margin_last_edited=&#8221;off|phone&#8221; custom_padding=&#8221;||3px||false|false&#8221; transform_styles_tablet=&#8221;&#8221; transform_styles_phone=&#8221;&#8221;][et_pb_column type=&#8221;4_4&#8243; _builder_version=&#8221;4.8.1&#8243; _module_preset=&#8221;default&#8221; background_color=&#8221;rgba(0,0,0,0.48)&#8221; custom_padding=&#8221;15px|15px|15px|15px|false|false&#8221;][et_pb_text _builder_version=&#8221;4.8.2&#8243; _module_preset=&#8221;default&#8221; text_font=&#8221;||||||||&#8221; text_text_color=&#8221;#FFFFFF&#8221; header_font=&#8221;|||on|||||&#8221; header_text_color=&#8221;#FFFFFF&#8221; transform_scale_tablet=&#8221;&#8221; transform_scale_phone=&#8221;&#8221; transform_scale_last_edited=&#8221;on|phone&#8221; transform_translate_tablet=&#8221;&#8221; transform_translate_phone=&#8221;&#8221; transform_translate_last_edited=&#8221;on|desktop&#8221; transform_rotate_tablet=&#8221;&#8221; transform_rotate_phone=&#8221;&#8221; transform_rotate_last_edited=&#8221;on|phone&#8221; transform_skew_tablet=&#8221;&#8221; transform_skew_phone=&#8221;&#8221; transform_skew_last_edited=&#8221;on|phone&#8221; transform_origin_tablet=&#8221;&#8221; transform_origin_phone=&#8221;&#8221; transform_origin_last_edited=&#8221;on|phone&#8221; transform_styles_last_edited=&#8221;on|desktop&#8221; custom_margin_tablet=&#8221;&#8221; custom_margin_phone=&#8221;||||false|false&#8221; custom_margin_last_edited=&#8221;on|phone&#8221; header_font_size_tablet=&#8221;&#8221; header_font_size_phone=&#8221;18px&#8221; header_font_size_last_edited=&#8221;on|desktop&#8221; transform_styles_tablet=&#8221;&#8221; transform_styles_phone=&#8221;&#8221;]<\/p>\n<h1><strong>Stepless solutions for upholstered groups\u00a0<\/strong><\/h1>\n<p>[\/et_pb_text][\/et_pb_column][\/et_pb_row][et_pb_row _builder_version=&#8221;4.9.0&#8243; _module_preset=&#8221;default&#8221; background_enable_image=&#8221;off&#8221; transform_scale_tablet=&#8221;&#8221; transform_scale_phone=&#8221;&#8221; transform_scale_last_edited=&#8221;on|phone&#8221; transform_translate=&#8221;17px|259px&#8221; transform_translate_tablet=&#8221;0px|0px&#8221; transform_translate_phone=&#8221;0px|60px&#8221; transform_translate_last_edited=&#8221;on|tablet&#8221; transform_translate_linked=&#8221;off&#8221; transform_rotate_tablet=&#8221;&#8221; transform_rotate_phone=&#8221;&#8221; transform_rotate_last_edited=&#8221;on|desktop&#8221; transform_skew_tablet=&#8221;&#8221; transform_skew_phone=&#8221;&#8221; transform_skew_last_edited=&#8221;on|desktop&#8221; transform_origin_tablet=&#8221;&#8221; transform_origin_phone=&#8221;&#8221; transform_origin_last_edited=&#8221;on|desktop&#8221; transform_styles_last_edited=&#8221;on|phone&#8221; width=&#8221;27%&#8221; width_tablet=&#8221;&#8221; width_phone=&#8221;65%&#8221; width_last_edited=&#8221;on|phone&#8221; module_alignment=&#8221;left&#8221; custom_padding=&#8221;5px|||||&#8221; transform_styles_tablet=&#8221;&#8221; transform_styles_phone=&#8221;&#8221;][et_pb_column type=&#8221;4_4&#8243; _builder_version=&#8221;4.8.1&#8243; _module_preset=&#8221;default&#8221; background_color=&#8221;rgba(0,0,0,0.48)&#8221; custom_padding=&#8221;15px|15px|15px|15px|false|false&#8221;][et_pb_text _builder_version=&#8221;4.8.1&#8243; _module_preset=&#8221;default&#8221; text_font=&#8221;||||||||&#8221; text_text_color=&#8221;#FFFFFF&#8221; header_text_color=&#8221;#FFFFFF&#8221; locked=&#8221;off&#8221;]<\/p>\n<p><strong>Convert the function with a few simple steps<\/strong><\/p>\n<p>[\/et_pb_text][\/et_pb_column][\/et_pb_row][\/et_pb_section][et_pb_section fb_built=&#8221;1&#8243; _builder_version=&#8221;4.8.2&#8243; _module_preset=&#8221;default&#8221; custom_margin=&#8221;||||false|false&#8221; custom_padding=&#8221;31px|||||&#8221; top_divider_style=&#8221;asymmetric&#8221; top_divider_color=&#8221;rgba(55,74,126,0.94)&#8221; top_divider_height=&#8221;73px&#8221; top_divider_arrangement=&#8221;above_content&#8221; top_divider_height_tablet=&#8221;&#8221; top_divider_height_phone=&#8221;57px&#8221; top_divider_height_last_edited=&#8221;on|phone&#8221;][et_pb_row column_structure=&#8221;2_3,1_3&#8243; _builder_version=&#8221;4.9.1&#8243; _module_preset=&#8221;default&#8221; max_width=&#8221;none&#8221; custom_margin=&#8221;20px||||false|false&#8221;][et_pb_column type=&#8221;2_3&#8243; _builder_version=&#8221;4.8.1&#8243; _module_preset=&#8221;default&#8221;][et_pb_text _builder_version=&#8221;4.8.2&#8243; _module_preset=&#8221;default&#8221; custom_margin=&#8221;||8px|||&#8221; header_font_size_tablet=&#8221;&#8221; header_font_size_phone=&#8221;25px&#8221; header_font_size_last_edited=&#8221;on|phone&#8221;]<\/p>\n<blockquote>\n<h1><strong>Stepless solutions for upholstered groups & sofa beds<\/strong><\/h1>\n<\/blockquote>\n<p>[\/et_pb_text][et_pb_text _builder_version=&#8221;4.8.2&#8243; _module_preset=&#8221;default&#8221; text_font=&#8221;||||||||&#8221; text_line_height=&#8221;1.8em&#8221;]<\/p>\n<p style=\"text-align: justify;\">Smart Furniture \u2013 also intelligente M\u00f6bel \u2013 \u00fcberzeugen heutzutage nicht nur durch Optik und Design, sondern vor allem durch innovative Technik. Verschiedene Verstellm\u00f6glichkeiten, zum Beispiel der <strong>Armlehmen<\/strong> oder der <strong>R\u00fcckenteile<\/strong>, verwandeln Sofas, Sessel und Betten in <strong>multifunktionale Polsterm\u00f6bel<\/strong>.<\/p>\n<p style=\"text-align: justify;\">Um diesen Anforderungen und Kundenbed\u00fcrfnissen gerecht zu werden, wird innovative Technologie in M\u00f6beln eingesetzt. Gelenke und <strong>Funktionsbeschl\u00e4ge<\/strong> sorgen daf\u00fcr, dass Bewegung in Couch, Sofa &amp; Co. kommt, denn als simple Sitzgelegenheiten haben moderne Polsterm\u00f6bel schon lange ausgedient.<\/p>\n<p style=\"text-align: justify;\">Adjustment options can be built into footrests, headrests, backrests and armrests. The armrest of a couch, for example, can be transformed into an extension of the reclining surface, or the back of a sofa can be infinitely tilted into the appropriate relaxation position.<\/p>\n<p style=\"text-align: justify;\"><strong>No matter what movement you want to teach your upholstered furniture, we have the right solution ready.\u00a0 \u00a0<\/strong><\/p>\n<p style=\"text-align: justify;\">\n<p>[\/et_pb_text][\/et_pb_column][et_pb_column type=&#8221;1_3&#8243; disabled_on=&#8221;on|off|off&#8221; _builder_version=&#8221;4.8.1&#8243; _module_preset=&#8221;default&#8221;][et_pb_image src=&#8221;https:\/\/kemmann-koch.de\/wp-content\/uploads\/2021\/01\/siegel_kemmann-300&#215;296.png&#8221; title_text=&#8221;siegel_kemmann&#8221; align=&#8221;center&#8221; _builder_version=&#8221;4.9.1&#8243; _module_preset=&#8221;default&#8221; custom_margin=&#8221;25px||||false|false&#8221;][\/et_pb_image][et_pb_image src=&#8221;https:\/\/kemmann-koch.de\/wp-content\/uploads\/2021\/02\/logo_1.svg&#8221; title_text=&#8221;logo_1&#8243; align=&#8221;center&#8221; _builder_version=&#8221;4.9.1&#8243; _module_preset=&#8221;default&#8221; custom_margin=&#8221;25px||||false|false&#8221;][\/et_pb_image][\/et_pb_column][\/et_pb_row][\/et_pb_section][et_pb_section fb_built=&#8221;1&#8243; prev_background_color=&#8221;#ffffff&#8221; next_background_color=&#8221;#ffffff&#8221; disabled_on=&#8221;on|on|off&#8221; _builder_version=&#8221;4.9.1&#8243; _module_preset=&#8221;default&#8221; background_image=&#8221;https:\/\/kemmann-koch.de\/wp-content\/uploads\/2021\/02\/metallrohre.jpg&#8221; parallax=&#8221;on&#8221; parallax_method=&#8221;off&#8221; min_height=&#8221;350px&#8221; top_divider_style=&#8221;graph&#8221; top_divider_height=&#8221;97px&#8221; bottom_divider_style=&#8221;graph&#8221; bottom_divider_height=&#8221;223px&#8221; bottom_divider_flip=&#8221;horizontal&#8221;][et_pb_row column_structure=&#8221;1_3,1_3,1_3&#8243; _builder_version=&#8221;4.9.1&#8243; _module_preset=&#8221;default&#8221; custom_margin=&#8221;||||false|false&#8221; custom_padding=&#8221;5px||||false|false&#8221;][et_pb_column type=&#8221;1_3&#8243; _builder_version=&#8221;4.8.2&#8243; _module_preset=&#8221;default&#8221;][et_pb_image src=&#8221;https:\/\/kemmann-koch.de\/wp-content\/uploads\/2021\/03\/leolux_nardo_leather_orange_0006-scaled.jpeg&#8221; title_text=&#8221;leolux_nardo_leather_orange_0006&#8243; _builder_version=&#8221;4.9.1&#8243; _module_preset=&#8221;default&#8221; box_shadow_style=&#8221;preset1&#8243;][\/et_pb_image][\/et_pb_column][et_pb_column type=&#8221;1_3&#8243; _builder_version=&#8221;4.8.2&#8243; _module_preset=&#8221;default&#8221;][et_pb_image src=&#8221;https:\/\/kemmann-koch.de\/wp-content\/uploads\/2021\/03\/leolux_nardo_leather_orange_0007-300&#215;205.jpeg&#8221; title_text=&#8221;leolux_nardo_leather_orange_0007&#8243; _builder_version=&#8221;4.9.1&#8243; _module_preset=&#8221;default&#8221; box_shadow_style=&#8221;preset1&#8243;][\/et_pb_image][\/et_pb_column][et_pb_column type=&#8221;1_3&#8243; _builder_version=&#8221;4.9.1&#8243; _module_preset=&#8221;default&#8221;][et_pb_image src=&#8221;https:\/\/kemmann-koch.de\/wp-content\/uploads\/2021\/03\/leolux_nardo_leather_orange_0008-300&#215;205.jpeg&#8221; title_text=&#8221;leolux_nardo_leather_orange_0008&#8243; _builder_version=&#8221;4.9.1&#8243; _module_preset=&#8221;default&#8221; box_shadow_style=&#8221;preset1&#8243;][\/et_pb_image][et_pb_text _builder_version=&#8221;4.9.1&#8243; _module_preset=&#8221;default&#8221; background_layout=&#8221;dark&#8221;]<\/p>\n<p>Stepless Gelenk von Kemmann &amp; Koch verbaut in <em>Nardo von Leolux<\/em><em><\/em><\/p>\n<p><em><\/em><\/p>\n<p>[\/et_pb_text][\/et_pb_column][\/et_pb_row][\/et_pb_section][et_pb_section fb_built=&#8221;1&#8243; _builder_version=&#8221;4.8.2&#8243; _module_preset=&#8221;default&#8221;][et_pb_row column_structure=&#8221;1_2,1_2&#8243; _builder_version=&#8221;4.8.2&#8243; _module_preset=&#8221;default&#8221; max_width=&#8221;none&#8221;][et_pb_column type=&#8221;1_2&#8243; _builder_version=&#8221;4.8.2&#8243; _module_preset=&#8221;default&#8221;][et_pb_text _builder_version=&#8221;4.9.1&#8243; _module_preset=&#8221;default&#8221; text_font=&#8221;||||||||&#8221; text_line_height=&#8221;1.8em&#8221; header_2_font=&#8221;|600|||||||&#8221;]<\/p>\n<blockquote>\n<h2>Specialist for fittings for stepless adjustment<\/h2>\n<\/blockquote>\n<p style=\"text-align: justify;\">Die stufenlose Verstellung der <strong>Armlehnen<\/strong>&#8211; und <strong>R\u00fcckenelemente<\/strong> einer Polstergarnitur ist ein besonders Merkmal unserer innovativen und patentierten Funktionsbeschl\u00e4ge.<\/p>\n<p style=\"text-align: justify;\">Zwischen komfortablem Sitzen und bequemem Liegen gibt es bei der R\u00fcckenverstellung mit dem Gelenkband &#8220;Stepless&#8221; keine Rasterung.<\/p>\n<p style=\"text-align: justify;\">Dieser Beschlag blockiert <strong>ger\u00e4uschlos<\/strong> in jeder gew\u00fcnschten Position. Durch einfaches \u00dcberziehen kann er in die Ausgangsposition zur\u00fcckgef\u00fchrt werden.<\/p>\n<p style=\"text-align: justify;\">Das Stepless-Gelenk kann auch bei der <a href=\"https:\/\/kemmann-koch.de\/en\/armlehnenverstellung\/\"><strong>Armrest adjustment<\/strong><\/a> eingesetzt werden.<\/p>\n<p>[\/et_pb_text][\/et_pb_column][et_pb_column type=&#8221;1_2&#8243; _builder_version=&#8221;4.8.2&#8243; _module_preset=&#8221;default&#8221;][et_pb_slider _builder_version=&#8221;4.9.1&#8243; _module_preset=&#8221;default&#8221; custom_padding=&#8221;10px||15px||false|false&#8221; hover_enabled=&#8221;0&#8243; sticky_enabled=&#8221;0&#8243; link_option_url=&#8221;@ET-DC@eyJkeW5hbWljIjp0cnVlLCJjb250ZW50IjoicG9zdF9saW5rX3VybF9wYWdlIiwic2V0dGluZ3MiOnsicG9zdF9pZCI6IjUwNSJ9fQ==@&#8221; _dynamic_attributes=&#8221;link_option_url&#8221;][et_pb_slide heading=&#8221;R\u00fcckenverstellung&#8221; image=&#8221;https:\/\/kemmann-koch.de\/wp-content\/uploads\/2021\/01\/Sofa_transparent_buttons.png&#8221; _builder_version=&#8221;4.9.1&#8243; _module_preset=&#8221;default&#8221; background_enable_color=&#8221;off&#8221; hover_enabled=&#8221;0&#8243; sticky_transition=&#8221;on&#8221; header_text_color=&#8221;#494949&#8243; header_font=&#8221;||||||||&#8221; sticky_enabled=&#8221;0&#8243;][\/et_pb_slide][et_pb_slide heading=&#8221;Armlehnenverstellung&#8221; image=&#8221;https:\/\/kemmann-koch.de\/wp-content\/uploads\/2021\/01\/schlafsofa-cave-run-chromfuesse-elegant.png&#8221; _builder_version=&#8221;4.9.1&#8243; _module_preset=&#8221;default&#8221; background_enable_color=&#8221;off&#8221; hover_enabled=&#8221;0&#8243; sticky_transition=&#8221;on&#8221; header_text_color=&#8221;#494949&#8243; header_font=&#8221;||||||||&#8221; sticky_enabled=&#8221;0&#8243; title_text=&#8221;schlafsofa-cave-run-chromfuesse-elegant&#8221; link_option_url=&#8221;@ET-DC@eyJkeW5hbWljIjp0cnVlLCJjb250ZW50IjoicG9zdF9saW5rX3VybF9wYWdlIiwic2V0dGluZ3MiOnsicG9zdF9pZCI6IjUwOSJ9fQ==@&#8221; _dynamic_attributes=&#8221;link_option_url&#8221;][\/et_pb_slide][et_pb_slide heading=&#8221;Verbindungsschl\u00f6sser&#8221; image=&#8221;https:\/\/kemmann-koch.de\/wp-content\/uploads\/2021\/02\/header_verbindungsschloesser_kemmann_und_koch.jpg&#8221; _builder_version=&#8221;4.9.1&#8243; _module_preset=&#8221;default&#8221; background_enable_color=&#8221;off&#8221; hover_enabled=&#8221;0&#8243; sticky_transition=&#8221;on&#8221; header_text_color=&#8221;#494949&#8243; header_font=&#8221;||||||||&#8221; sticky_enabled=&#8221;0&#8243; title_text=&#8221;PonTon 0003&#8243; link_option_url=&#8221;@ET-DC@eyJkeW5hbWljIjp0cnVlLCJjb250ZW50IjoicG9zdF9saW5rX3VybF9wYWdlIiwic2V0dGluZ3MiOnsicG9zdF9pZCI6IjIxMyJ9fQ==@&#8221; _dynamic_attributes=&#8221;link_option_url&#8221;][\/et_pb_slide][\/et_pb_slider][\/et_pb_column][\/et_pb_row][\/et_pb_section][et_pb_section fb_built=&#8221;1&#8243; _builder_version=&#8221;4.9.1&#8243; background_color=&#8221;#374a7e&#8221; max_height=&#8221;250px&#8221; global_module=&#8221;1147&#8243;][et_pb_row column_structure=&#8221;3_5,2_5&#8243; _builder_version=&#8221;4.9.1&#8243; _module_preset=&#8221;default&#8221; background_color=&#8221;#374a7e&#8221; width=&#8221;85%&#8221; max_width=&#8221;none&#8221;][et_pb_column type=&#8221;3_5&#8243; _builder_version=&#8221;4.9.0&#8243; _module_preset=&#8221;default&#8221;][et_pb_text _builder_version=&#8221;4.9.0&#8243; _module_preset=&#8221;default&#8221; background_layout=&#8221;dark&#8221;]<\/p>\n<p>We have a suitable solution for almost all requirements and together with you we develop the right product for you.<\/p>\n<p><strong>Just talk to us!<\/strong><\/p>\n<p>[\/et_pb_text][\/et_pb_column][et_pb_column type=&#8221;2_5&#8243; _builder_version=&#8221;4.9.0&#8243; _module_preset=&#8221;default&#8221;][et_pb_blurb title=&#8221;Herr Zimmermann&#8221; image=&#8221;https:\/\/kemmann-koch.de\/wp-content\/uploads\/2021\/03\/Kontaktbild_rund-zimmermann1024x1024.jpg&#8221; icon_placement=&#8221;left&#8221; image_max_width=&#8221;100px&#8221; icon_placement_tablet=&#8221;&#8221; icon_placement_phone=&#8221;&#8221; icon_placement_last_edited=&#8221;on|desktop&#8221; _builder_version=&#8221;4.9.1&#8243; _module_preset=&#8221;default&#8221; header_font=&#8221;Indie Flower||||||||&#8221; header_text_color=&#8221;#FFFFFF&#8221; header_font_size=&#8221;30px&#8221; body_text_align=&#8221;left&#8221; body_text_color=&#8221;#FFFFFF&#8221; body_font_size=&#8221;16px&#8221; body_link_text_color=&#8221;#FFFFFF&#8221; module_alignment=&#8221;left&#8221; custom_margin=&#8221;||||false|false&#8221; custom_padding=&#8221;||||false|false&#8221; border_radii_image=&#8221;on|80px|80px|80px|80px&#8221; box_shadow_style_image=&#8221;preset2&#8243;]<\/p>\n<p style=\"text-align: left;\"><span id=\"et-info-phone\"> 02051 &#8211; 25 45 21<\/span><br \/><span id=\"et-info-email\"><\/span> <a href=\"mailto:kuk@kemmann-koch.de\">Email schreiben<\/a><\/p>\n<p>[\/et_pb_blurb][\/et_pb_column][\/et_pb_row][\/et_pb_section]<\/p>","protected":false},"excerpt":{"rendered":"<p>[et_pb_section fb_built=&#8221;1&#8243; _builder_version=&#8221;4.9.1&#8243; _module_preset=&#8221;default&#8221; background_image=&#8221;https:\/\/kemmann-koch.de\/wp-content\/uploads\/2021\/03\/header_couch_kemmann_koch.jpg&#8221; parallax=&#8221;on&#8221; parallax_method=&#8221;off&#8221; min_height=&#8221;600px&#8221; min_height_tablet=&#8221;&#8221; min_height_phone=&#8221;&#8221; min_height_last_edited=&#8221;on|desktop&#8221; hover_enabled=&#8221;0&#8243; locked=&#8221;off&#8221; title_text=&#8221;header_couch_kemmann_koch&#8221; sticky_enabled=&#8221;0&#8243;][et_pb_row _builder_version=&#8221;4.9.0&#8243; _module_preset=&#8221;default&#8221; background_enable_image=&#8221;off&#8221; transform_scale_tablet=&#8221;&#8221; transform_scale_phone=&#8221;&#8221; transform_scale_last_edited=&#8221;on|phone&#8221; transform_translate=&#8221;17px|258px&#8221; transform_translate_tablet=&#8221;0px|0px&#8221; transform_translate_phone=&#8221;0px|60px&#8221; transform_translate_last_edited=&#8221;on|phone&#8221; transform_translate_linked=&#8221;off&#8221; transform_rotate_tablet=&#8221;&#8221; transform_rotate_phone=&#8221;&#8221; transform_rotate_last_edited=&#8221;on|desktop&#8221; transform_skew_tablet=&#8221;&#8221; transform_skew_phone=&#8221;&#8221; transform_skew_last_edited=&#8221;on|desktop&#8221; transform_origin_tablet=&#8221;&#8221; transform_origin_phone=&#8221;&#8221; transform_origin_last_edited=&#8221;on|desktop&#8221; transform_styles_last_edited=&#8221;on|phone&#8221; width=&#8221;43%&#8221; width_tablet=&#8221;&#8221; width_phone=&#8221;90%&#8221; width_last_edited=&#8221;on|phone&#8221; module_alignment=&#8221;left&#8221; custom_margin_last_edited=&#8221;off|phone&#8221; custom_padding=&#8221;||3px||false|false&#8221; transform_styles_tablet=&#8221;&#8221; transform_styles_phone=&#8221;&#8221;][et_pb_column type=&#8221;4_4&#8243; _builder_version=&#8221;4.8.1&#8243; _module_preset=&#8221;default&#8221; background_color=&#8221;rgba(0,0,0,0.48)&#8221; custom_padding=&#8221;15px|15px|15px|15px|false|false&#8221;][et_pb_text _builder_version=&#8221;4.8.2&#8243; _module_preset=&#8221;default&#8221; text_font=&#8221;||||||||&#8221; text_text_color=&#8221;#FFFFFF&#8221; header_font=&#8221;|||on|||||&#8221; [&hellip;]<\/p>","protected":false},"author":1,"featured_media":0,"parent":0,"menu_order":0,"comment_status":"closed","ping_status":"closed","template":"","meta":{"_et_pb_use_builder":"on","_et_pb_old_content":"","_et_gb_content_width":""},"yoast_head":"<!-- This site is optimized with the Yoast SEO plugin v16.1.1 - https:\/\/yoast.com\/wordpress\/plugins\/seo\/ -->\n<title>Stufenlose L\u00f6sungen - Kemmann &amp; Koch GmbH &amp; Co. Kg<\/title>\n<link rel=\"canonical\" href=\"https:\/\/kemmann-koch.de\/en\/stufenlose-loesungen\/\" \/>\n<meta property=\"og:locale\" content=\"en_GB\" \/>\n<meta property=\"og:type\" content=\"article\" \/>\n<meta property=\"og:title\" content=\"Stufenlose L\u00f6sungen - Kemmann &amp; Koch GmbH &amp; Co. Kg\" \/>\n<meta property=\"og:description\" content=\"[et_pb_section fb_built=&#8221;1&#8243; _builder_version=&#8221;4.9.1&#8243; _module_preset=&#8221;default&#8221; background_image=&#8221;https:\/\/kemmann-koch.de\/wp-content\/uploads\/2021\/03\/header_couch_kemmann_koch.jpg&#8221; parallax=&#8221;on&#8221; parallax_method=&#8221;off&#8221; min_height=&#8221;600px&#8221; min_height_tablet=&#8221;&#8221; min_height_phone=&#8221;&#8221; min_height_last_edited=&#8221;on|desktop&#8221; hover_enabled=&#8221;0&#8243; locked=&#8221;off&#8221; title_text=&#8221;header_couch_kemmann_koch&#8221; sticky_enabled=&#8221;0&#8243;][et_pb_row _builder_version=&#8221;4.9.0&#8243; _module_preset=&#8221;default&#8221; background_enable_image=&#8221;off&#8221; transform_scale_tablet=&#8221;&#8221; transform_scale_phone=&#8221;&#8221; transform_scale_last_edited=&#8221;on|phone&#8221; transform_translate=&#8221;17px|258px&#8221; transform_translate_tablet=&#8221;0px|0px&#8221; transform_translate_phone=&#8221;0px|60px&#8221; transform_translate_last_edited=&#8221;on|phone&#8221; transform_translate_linked=&#8221;off&#8221; transform_rotate_tablet=&#8221;&#8221; transform_rotate_phone=&#8221;&#8221; transform_rotate_last_edited=&#8221;on|desktop&#8221; transform_skew_tablet=&#8221;&#8221; transform_skew_phone=&#8221;&#8221; transform_skew_last_edited=&#8221;on|desktop&#8221; transform_origin_tablet=&#8221;&#8221; transform_origin_phone=&#8221;&#8221; transform_origin_last_edited=&#8221;on|desktop&#8221; transform_styles_last_edited=&#8221;on|phone&#8221; width=&#8221;43%&#8221; width_tablet=&#8221;&#8221; width_phone=&#8221;90%&#8221; width_last_edited=&#8221;on|phone&#8221; module_alignment=&#8221;left&#8221; custom_margin_last_edited=&#8221;off|phone&#8221; custom_padding=&#8221;||3px||false|false&#8221; transform_styles_tablet=&#8221;&#8221; transform_styles_phone=&#8221;&#8221;][et_pb_column type=&#8221;4_4&#8243; _builder_version=&#8221;4.8.1&#8243; _module_preset=&#8221;default&#8221; background_color=&#8221;rgba(0,0,0,0.48)&#8221; custom_padding=&#8221;15px|15px|15px|15px|false|false&#8221;][et_pb_text _builder_version=&#8221;4.8.2&#8243; _module_preset=&#8221;default&#8221; text_font=&#8221;||||||||&#8221; text_text_color=&#8221;#FFFFFF&#8221; header_font=&#8221;|||on|||||&#8221; [&hellip;]\" \/>\n<meta property=\"og:url\" content=\"https:\/\/kemmann-koch.de\/en\/stufenlose-loesungen\/\" \/>\n<meta property=\"og:site_name\" content=\"Kemmann &amp; Koch GmbH &amp; Co. Kg\" \/>\n<meta property=\"article:modified_time\" content=\"2021-03-11T14:05:55+00:00\" \/>\n<meta name=\"twitter:card\" content=\"summary_large_image\" \/>\n<meta name=\"twitter:label1\" content=\"Estimated reading time\">\n\t<meta name=\"twitter:data1\" content=\"8 minutes\">\n<script type=\"application\/ld+json\" class=\"yoast-schema-graph\">{\"@context\":\"https:\/\/schema.org\",\"@graph\":[{\"@type\":\"Organization\",\"@id\":\"https:\/\/kemmann-koch.de\/#organization\",\"name\":\"Kemmann & Koch GmbH & Co. KG\",\"url\":\"https:\/\/kemmann-koch.de\/\",\"sameAs\":[],\"logo\":{\"@type\":\"ImageObject\",\"@id\":\"https:\/\/kemmann-koch.de\/#logo\",\"inLanguage\":\"en-GB\",\"url\":\"https:\/\/kemmann-koch.de\/wp-content\/uploads\/2021\/02\/logo_1.svg\",\"contentUrl\":\"https:\/\/kemmann-koch.de\/wp-content\/uploads\/2021\/02\/logo_1.svg\",\"width\":290,\"height\":75,\"caption\":\"Kemmann & Koch GmbH & Co. KG\"},\"image\":{\"@id\":\"https:\/\/kemmann-koch.de\/#logo\"}},{\"@type\":\"WebSite\",\"@id\":\"https:\/\/kemmann-koch.de\/#website\",\"url\":\"https:\/\/kemmann-koch.de\/\",\"name\":\"Kemmann & Koch - M\\u00f6belbeschl\\u00e4ge und Metallwaren\",\"description\":\"M\\u00f6belbeschl\\u00e4ge und Metallwaren\",\"publisher\":{\"@id\":\"https:\/\/kemmann-koch.de\/#organization\"},\"potentialAction\":[{\"@type\":\"SearchAction\",\"target\":\"https:\/\/kemmann-koch.de\/?s={search_term_string}\",\"query-input\":\"required name=search_term_string\"}],\"inLanguage\":\"en-GB\"},{\"@type\":\"WebPage\",\"@id\":\"https:\/\/kemmann-koch.de\/stufenlose-loesungen\/#webpage\",\"url\":\"https:\/\/kemmann-koch.de\/stufenlose-loesungen\/\",\"name\":\"Stufenlose L\\u00f6sungen - Kemmann &amp; Koch GmbH &amp; Co. Kg\",\"isPartOf\":{\"@id\":\"https:\/\/kemmann-koch.de\/#website\"},\"datePublished\":\"2021-01-20T15:53:52+00:00\",\"dateModified\":\"2021-03-11T14:05:55+00:00\",\"breadcrumb\":{\"@id\":\"https:\/\/kemmann-koch.de\/stufenlose-loesungen\/#breadcrumb\"},\"inLanguage\":\"en-GB\",\"potentialAction\":[{\"@type\":\"ReadAction\",\"target\":[\"https:\/\/kemmann-koch.de\/stufenlose-loesungen\/\"]}]},{\"@type\":\"BreadcrumbList\",\"@id\":\"https:\/\/kemmann-koch.de\/stufenlose-loesungen\/#breadcrumb\",\"itemListElement\":[{\"@type\":\"ListItem\",\"position\":1,\"item\":{\"@type\":\"WebPage\",\"@id\":\"https:\/\/kemmann-koch.de\/\",\"url\":\"https:\/\/kemmann-koch.de\/\",\"name\":\"Home\"}},{\"@type\":\"ListItem\",\"position\":2,\"item\":{\"@type\":\"WebPage\",\"@id\":\"https:\/\/kemmann-koch.de\/stufenlose-loesungen\/\",\"url\":\"https:\/\/kemmann-koch.de\/stufenlose-loesungen\/\",\"name\":\"Stufenlose L\\u00f6sungen\"}}]}]}<\/script>\n<!-- \/ Yoast SEO plugin. -->","_links":{"self":[{"href":"https:\/\/kemmann-koch.de\/en\/wp-json\/wp\/v2\/pages\/123"}],"collection":[{"href":"https:\/\/kemmann-koch.de\/en\/wp-json\/wp\/v2\/pages"}],"about":[{"href":"https:\/\/kemmann-koch.de\/en\/wp-json\/wp\/v2\/types\/page"}],"author":[{"embeddable":true,"href":"https:\/\/kemmann-koch.de\/en\/wp-json\/wp\/v2\/users\/1"}],"replies":[{"embeddable":true,"href":"https:\/\/kemmann-koch.de\/en\/wp-json\/wp\/v2\/comments?post=123"}],"version-history":[{"count":17,"href":"https:\/\/kemmann-koch.de\/en\/wp-json\/wp\/v2\/pages\/123\/revisions"}],"predecessor-version":[{"id":1474,"href":"https:\/\/kemmann-koch.de\/en\/wp-json\/wp\/v2\/pages\/123\/revisions\/1474"}],"wp:attachment":[{"href":"https:\/\/kemmann-koch.de\/en\/wp-json\/wp\/v2\/media?parent=123"}],"curies":[{"name":"wp","href":"https:\/\/api.w.org\/{rel}","templated":true}]}}