{"id":375,"date":"2021-01-25T10:43:02","date_gmt":"2021-01-25T10:43:02","guid":{"rendered":"https:\/\/kuk.def.content-data.de\/?page_id=375"},"modified":"2021-04-07T08:03:52","modified_gmt":"2021-04-07T08:03:52","slug":"neuheiten","status":"publish","type":"page","link":"https:\/\/kemmann-koch.de\/en\/neuheiten\/","title":{"rendered":"new hits"},"content":{"rendered":"<p>[et_pb_section fb_built=&#8221;1&#8243; _builder_version=&#8221;4.9.1&#8243; _module_preset=&#8221;default&#8221; background_image=&#8221;https:\/\/kemmann-koch.de\/wp-content\/uploads\/2021\/02\/Header_KemmannKoch3.jpg&#8221; parallax=&#8221;on&#8221; parallax_method=&#8221;off&#8221; min_height=&#8221;550px&#8221; min_height_tablet=&#8221;&#8221; min_height_phone=&#8221;&#8221; min_height_last_edited=&#8221;on|desktop&#8221; box_shadow_style=&#8221;preset3&#8243; locked=&#8221;off&#8221;][et_pb_row _builder_version=&#8221;4.9.3&#8243; _module_preset=&#8221;default&#8221; background_enable_image=&#8221;off&#8221; transform_translate=&#8221;17px|258px&#8221; transform_translate_linked=&#8221;off&#8221; width=&#8221;34%&#8221; module_alignment=&#8221;left&#8221; custom_padding=&#8221;||2px||false|false&#8221; hover_enabled=&#8221;0&#8243; width_last_edited=&#8221;on|phone&#8221; sticky_enabled=&#8221;0&#8243; width_phone=&#8221;70%&#8221; transform_styles_last_edited=&#8221;on|phone&#8221; transform_scale_last_edited=&#8221;on|phone&#8221; transform_translate_last_edited=&#8221;on|phone&#8221; transform_rotate_last_edited=&#8221;on|desktop&#8221; transform_skew_last_edited=&#8221;on|desktop&#8221; transform_origin_last_edited=&#8221;on|desktop&#8221; transform_translate_phone=&#8221;0px|75px&#8221; custom_margin=&#8221;||||false|false&#8221;][et_pb_column type=&#8221;4_4&#8243; _builder_version=&#8221;4.8.1&#8243; _module_preset=&#8221;default&#8221; background_color=&#8221;rgba(0,0,0,0.48)&#8221; custom_padding=&#8221;15px|15px|15px|15px|false|false&#8221;][et_pb_text _builder_version=&#8221;4.9.3&#8243; _module_preset=&#8221;default&#8221; text_font=&#8221;||||||||&#8221; text_text_color=&#8221;#FFFFFF&#8221; header_text_color=&#8221;#FFFFFF&#8221; hover_enabled=&#8221;0&#8243; header_font_size_last_edited=&#8221;on|phone&#8221; sticky_enabled=&#8221;0&#8243; header_font_size_phone=&#8221;21px&#8221; header_font=&#8221;||||||||&#8221;]<\/p>\n<h1><strong>Innovative and at the cutting edge \u00a0<\/strong><\/h1>\n<p>[\/et_pb_text][\/et_pb_column][\/et_pb_row][et_pb_row _builder_version=&#8221;4.9.3&#8243; _module_preset=&#8221;default&#8221; background_enable_image=&#8221;off&#8221; transform_translate=&#8221;17px|259px&#8221; transform_translate_linked=&#8221;off&#8221; width=&#8221;20%&#8221; module_alignment=&#8221;left&#8221; custom_padding=&#8221;5px|||||&#8221; hover_enabled=&#8221;0&#8243; transform_styles_last_edited=&#8221;on|phone&#8221; transform_scale_last_edited=&#8221;on|phone&#8221; transform_translate_last_edited=&#8221;on|phone&#8221; transform_rotate_last_edited=&#8221;on|desktop&#8221; transform_skew_last_edited=&#8221;on|desktop&#8221; transform_origin_last_edited=&#8221;on|desktop&#8221; sticky_enabled=&#8221;0&#8243; transform_translate_phone=&#8221;0px|70px&#8221; width_last_edited=&#8221;on|phone&#8221; width_phone=&#8221;65%&#8221; custom_margin=&#8221;4px|auto||auto||&#8221;][et_pb_column type=&#8221;4_4&#8243; _builder_version=&#8221;4.8.1&#8243; _module_preset=&#8221;default&#8221; background_color=&#8221;rgba(0,0,0,0.48)&#8221; custom_padding=&#8221;15px|15px|15px|15px|false|false&#8221;][et_pb_text _builder_version=&#8221;4.9.3&#8243; _module_preset=&#8221;default&#8221; text_font=&#8221;||||||||&#8221; text_text_color=&#8221;#FFFFFF&#8221; header_text_color=&#8221;#FFFFFF&#8221; hover_enabled=&#8221;0&#8243; locked=&#8221;off&#8221; text_line_height=&#8221;1em&#8221; sticky_enabled=&#8221;0&#8243;]<\/p>\n<p>Neuheiten von Kemmann &amp; Koch<\/p>\n<p>[\/et_pb_text][\/et_pb_column][\/et_pb_row][\/et_pb_section][et_pb_section fb_built=&#8221;1&#8243; _builder_version=&#8221;4.8.2&#8243; _module_preset=&#8221;default&#8221; top_divider_color=&#8221;#0c71c3&#8243;][et_pb_row _builder_version=&#8221;4.9.0&#8243; _module_preset=&#8221;default&#8221; max_width=&#8221;none&#8221;][et_pb_column type=&#8221;4_4&#8243; _builder_version=&#8221;4.8.1&#8243; _module_preset=&#8221;default&#8221;][et_pb_text _builder_version=&#8221;4.9.3&#8243; _module_preset=&#8221;default&#8221; text_font=&#8221;||||||||&#8221; text_line_height=&#8221;1.8em&#8221; header_font=&#8221;|600|||||||&#8221; hover_enabled=&#8221;0&#8243; header_font_size_last_edited=&#8221;on|phone&#8221; sticky_enabled=&#8221;0&#8243; header_font_size_phone=&#8221;21px&#8221;]<\/p>\n<blockquote>\n<h1 style=\"text-align: justify;\">Competence in upholstered furniture & functional fittings<\/h1>\n<\/blockquote>\n<p>Die industrielle Herstellung von M\u00f6beln hat sich in der j\u00fcngeren Vergangenheit sehr stark vom 08\/15-M\u00f6belbau entfernt und eine au\u00dferordentliche Entwicklung genommen. Die M\u00f6belindustrie setzt immer mehr auf <strong>\u201eSmartes Design\u201c<\/strong>, einer Kombination von extravaganter Optik und <strong>innovativer M\u00f6beltechnik<\/strong> und nimmt daf\u00fcr auch ihre Zulieferbetriebe in die Pflicht.<\/p>\n<p>[\/et_pb_text][\/et_pb_column][\/et_pb_row][et_pb_row column_structure=&#8221;3_5,2_5&#8243; _builder_version=&#8221;4.9.1&#8243; _module_preset=&#8221;default&#8221; max_width=&#8221;none&#8221;][et_pb_column type=&#8221;3_5&#8243; _builder_version=&#8221;4.8.2&#8243; _module_preset=&#8221;default&#8221;][et_pb_text _builder_version=&#8221;4.9.3&#8243; _module_preset=&#8221;default&#8221; text_line_height=&#8221;1.8em&#8221; header_2_font=&#8221;|600|||||||&#8221; header_2_font_size=&#8221;27px&#8221; custom_padding=&#8221;15px|25px|15px|25px|false|false&#8221; hover_enabled=&#8221;0&#8243; header_2_font_size_last_edited=&#8221;on|phone&#8221; sticky_enabled=&#8221;0&#8243; header_2_font_size_phone=&#8221;21px&#8221; header_3_font_size_last_edited=&#8221;on|phone&#8221; header_3_font_size_phone=&#8221;19px&#8221;]<\/p>\n<blockquote>\n<h2 style=\"text-align: justify;\">A strong partner at your side<\/h2>\n<\/blockquote>\n<h3><strong>High demands on industrial furniture construction<\/strong><\/h3>\n<p style=\"text-align: justify;\">Flexibility, ergonomics, independence, a wealth of variants, individuality and all that with outstanding design - the demands placed on modern furniture today are high. The German furniture industry is responding to the wishes of its customers and in 2017, according to Volker Fasbender, Managing Director of the German Furniture Industry Association, recorded stable sales development in Germany and an all-time high in furniture exports.<\/p>\n<h3><strong>Patented products from innovative suppliers<\/strong><\/h3>\n<p style=\"text-align: justify;\">The supplier companies of the furniture industry play an important role. This is where innovative products are manufactured that make mass-produced furniture exceptional. Kemmann & Koch GmbH is another example of a premium supplier to the furniture industry. The patented fittings of the company from Velbert transform, for example, upholstered furniture and beds into multifunctional furniture. A sofa becomes a comfortable sofa bed, a bed conversely a comfortable seat.<\/p>\n<h3><strong>Intelligent functional fittings allow movement<\/strong><\/h3>\n<p style=\"text-align: justify;\">For example, armrests and backrests, footrests and headrests or seat depths can be adjusted without much effort using the functional fittings from Kemmann & Koch. The innovation forge from Velbert has numerous solutions with utility model protection in its programme that turn upholstered furniture into modern functional furniture.<\/p>\n<p>[\/et_pb_text][\/et_pb_column][et_pb_column type=&#8221;2_5&#8243; _builder_version=&#8221;4.9.1&#8243; _module_preset=&#8221;default&#8221;][et_pb_slider arrows_custom_color=&#8221;#000000&#8243; dot_nav_custom_color=&#8221;#000000&#8243; _builder_version=&#8221;4.9.1&#8243; _module_preset=&#8221;default&#8221; background_enable_color=&#8221;off&#8221; auto=&#8221;on&#8221; auto_speed=&#8221;5000&#8243;][et_pb_slide image=&#8221;https:\/\/kemmann-koch.de\/wp-content\/uploads\/2021\/02\/header_produkte_2.jpg&#8221; _builder_version=&#8221;4.9.1&#8243; _module_preset=&#8221;default&#8221; background_enable_color=&#8221;off&#8221; hover_enabled=&#8221;0&#8243; sticky_transition=&#8221;on&#8221; sticky_enabled=&#8221;0&#8243;][\/et_pb_slide][et_pb_slide image=&#8221;https:\/\/kemmann-koch.de\/wp-content\/uploads\/2021\/01\/schlafsofa-cave-run-chromfuesse-elegant.png&#8221; _builder_version=&#8221;4.9.1&#8243; _module_preset=&#8221;default&#8221; background_enable_color=&#8221;off&#8221; sticky_transition=&#8221;on&#8221;][\/et_pb_slide][et_pb_slide image=&#8221;https:\/\/kemmann-koch.de\/wp-content\/uploads\/2021\/01\/Sofa_transparent_buttons.png&#8221; _builder_version=&#8221;4.9.1&#8243; _module_preset=&#8221;default&#8221; background_enable_color=&#8221;off&#8221; sticky_transition=&#8221;on&#8221;][\/et_pb_slide][et_pb_slide image=&#8221;https:\/\/kemmann-koch.de\/wp-content\/uploads\/2021\/02\/Klappcouuch.png&#8221; _builder_version=&#8221;4.9.1&#8243; _module_preset=&#8221;default&#8221; background_enable_color=&#8221;off&#8221; sticky_transition=&#8221;on&#8221;][\/et_pb_slide][et_pb_slide image=&#8221;https:\/\/kemmann-koch.de\/wp-content\/uploads\/2021\/01\/siegel_kemmann-300&#215;296.png&#8221; _builder_version=&#8221;4.9.1&#8243; _module_preset=&#8221;default&#8221; background_enable_color=&#8221;off&#8221; sticky_transition=&#8221;on&#8221;][\/et_pb_slide][\/et_pb_slider][\/et_pb_column][\/et_pb_row][\/et_pb_section][et_pb_section fb_built=&#8221;1&#8243; _builder_version=&#8221;4.9.0&#8243; _module_preset=&#8221;default&#8221; background_color=&#8221;#374a7e&#8221; custom_margin=&#8221;||||false|false&#8221; custom_padding=&#8221;10px||10px||false|false&#8221;][et_pb_row column_structure=&#8221;3_5,2_5&#8243; _builder_version=&#8221;4.9.0&#8243; _module_preset=&#8221;default&#8221; width=&#8221;85%&#8221; max_width=&#8221;none&#8221;][et_pb_column type=&#8221;3_5&#8243; _builder_version=&#8221;4.9.0&#8243; _module_preset=&#8221;default&#8221;][et_pb_text _builder_version=&#8221;4.9.0&#8243; _module_preset=&#8221;default&#8221; background_layout=&#8221;dark&#8221;]<\/p>\n<p>We have a suitable solution for almost all requirements and together with you we develop the right product for you.<\/p>\n<p><strong>Just talk to us!<\/strong><\/p>\n<p>[\/et_pb_text][\/et_pb_column][et_pb_column type=&#8221;2_5&#8243; _builder_version=&#8221;4.9.0&#8243; _module_preset=&#8221;default&#8221;][et_pb_blurb title=&#8221;Bj\u00f6rn Leymann&#8221; image=&#8221;https:\/\/kemmann-koch.de\/wp-content\/uploads\/2021\/01\/pp.jpg&#8221; icon_placement=&#8221;left&#8221; image_max_width=&#8221;100px&#8221; icon_placement_tablet=&#8221;&#8221; icon_placement_phone=&#8221;&#8221; icon_placement_last_edited=&#8221;on|desktop&#8221; _builder_version=&#8221;4.9.0&#8243; _module_preset=&#8221;default&#8221; header_font=&#8221;Indie Flower||||||||&#8221; header_text_color=&#8221;#FFFFFF&#8221; header_font_size=&#8221;30px&#8221; body_text_align=&#8221;left&#8221; body_text_color=&#8221;#FFFFFF&#8221; body_font_size=&#8221;16px&#8221; body_link_text_color=&#8221;#FFFFFF&#8221; module_alignment=&#8221;left&#8221; custom_margin=&#8221;||||false|false&#8221; custom_padding=&#8221;||||false|false&#8221; border_radii_image=&#8221;on|80px|80px|80px|80px&#8221; box_shadow_style_image=&#8221;preset2&#8243;]<\/p>\n<p style=\"text-align: left;\"><span id=\"et-info-phone\"> 02054 &#8211; 25 45 21<\/span><br \/> <span id=\"et-info-email\"><\/span> <a href=\"mailto:marc.bieling@content-data.de\">Email schreiben<\/a><\/p>\n<p>[\/et_pb_blurb][\/et_pb_column][\/et_pb_row][\/et_pb_section]<\/p>","protected":false},"excerpt":{"rendered":"<p>[et_pb_section fb_built=&#8221;1&#8243; _builder_version=&#8221;4.9.1&#8243; _module_preset=&#8221;default&#8221; background_image=&#8221;https:\/\/kemmann-koch.de\/wp-content\/uploads\/2021\/02\/Header_KemmannKoch3.jpg&#8221; parallax=&#8221;on&#8221; parallax_method=&#8221;off&#8221; min_height=&#8221;550px&#8221; min_height_tablet=&#8221;&#8221; min_height_phone=&#8221;&#8221; min_height_last_edited=&#8221;on|desktop&#8221; box_shadow_style=&#8221;preset3&#8243; locked=&#8221;off&#8221;][et_pb_row _builder_version=&#8221;4.9.3&#8243; _module_preset=&#8221;default&#8221; background_enable_image=&#8221;off&#8221; transform_translate=&#8221;17px|258px&#8221; transform_translate_linked=&#8221;off&#8221; width=&#8221;34%&#8221; module_alignment=&#8221;left&#8221; custom_padding=&#8221;||2px||false|false&#8221; hover_enabled=&#8221;0&#8243; width_last_edited=&#8221;on|phone&#8221; sticky_enabled=&#8221;0&#8243; width_phone=&#8221;70%&#8221; transform_styles_last_edited=&#8221;on|phone&#8221; transform_scale_last_edited=&#8221;on|phone&#8221; transform_translate_last_edited=&#8221;on|phone&#8221; transform_rotate_last_edited=&#8221;on|desktop&#8221; transform_skew_last_edited=&#8221;on|desktop&#8221; transform_origin_last_edited=&#8221;on|desktop&#8221; transform_translate_phone=&#8221;0px|75px&#8221; custom_margin=&#8221;||||false|false&#8221;][et_pb_column type=&#8221;4_4&#8243; _builder_version=&#8221;4.8.1&#8243; _module_preset=&#8221;default&#8221; background_color=&#8221;rgba(0,0,0,0.48)&#8221; custom_padding=&#8221;15px|15px|15px|15px|false|false&#8221;][et_pb_text _builder_version=&#8221;4.9.3&#8243; _module_preset=&#8221;default&#8221; text_font=&#8221;||||||||&#8221; text_text_color=&#8221;#FFFFFF&#8221; header_text_color=&#8221;#FFFFFF&#8221; hover_enabled=&#8221;0&#8243; header_font_size_last_edited=&#8221;on|phone&#8221; sticky_enabled=&#8221;0&#8243; header_font_size_phone=&#8221;21px&#8221; header_font=&#8221;||||||||&#8221;] Innovativ und am Puls der Zeit \u00a0 [&hellip;]<\/p>","protected":false},"author":1,"featured_media":0,"parent":0,"menu_order":0,"comment_status":"closed","ping_status":"closed","template":"","meta":{"_et_pb_use_builder":"on","_et_pb_old_content":"","_et_gb_content_width":""},"yoast_head":"<!-- This site is optimized with the Yoast SEO plugin v16.1.1 - https:\/\/yoast.com\/wordpress\/plugins\/seo\/ -->\n<title>Neuheiten - Kemmann &amp; Koch GmbH &amp; Co. Kg<\/title>\n<link rel=\"canonical\" href=\"https:\/\/kemmann-koch.de\/en\/neuheiten\/\" \/>\n<meta property=\"og:locale\" content=\"en_GB\" \/>\n<meta property=\"og:type\" content=\"article\" \/>\n<meta property=\"og:title\" content=\"Neuheiten - Kemmann &amp; Koch GmbH &amp; Co. Kg\" \/>\n<meta property=\"og:description\" content=\"[et_pb_section fb_built=&#8221;1&#8243; _builder_version=&#8221;4.9.1&#8243; _module_preset=&#8221;default&#8221; background_image=&#8221;https:\/\/kemmann-koch.de\/wp-content\/uploads\/2021\/02\/Header_KemmannKoch3.jpg&#8221; parallax=&#8221;on&#8221; parallax_method=&#8221;off&#8221; min_height=&#8221;550px&#8221; min_height_tablet=&#8221;&#8221; min_height_phone=&#8221;&#8221; min_height_last_edited=&#8221;on|desktop&#8221; box_shadow_style=&#8221;preset3&#8243; locked=&#8221;off&#8221;][et_pb_row _builder_version=&#8221;4.9.3&#8243; _module_preset=&#8221;default&#8221; background_enable_image=&#8221;off&#8221; transform_translate=&#8221;17px|258px&#8221; transform_translate_linked=&#8221;off&#8221; width=&#8221;34%&#8221; module_alignment=&#8221;left&#8221; custom_padding=&#8221;||2px||false|false&#8221; hover_enabled=&#8221;0&#8243; width_last_edited=&#8221;on|phone&#8221; sticky_enabled=&#8221;0&#8243; width_phone=&#8221;70%&#8221; transform_styles_last_edited=&#8221;on|phone&#8221; transform_scale_last_edited=&#8221;on|phone&#8221; transform_translate_last_edited=&#8221;on|phone&#8221; transform_rotate_last_edited=&#8221;on|desktop&#8221; transform_skew_last_edited=&#8221;on|desktop&#8221; transform_origin_last_edited=&#8221;on|desktop&#8221; transform_translate_phone=&#8221;0px|75px&#8221; custom_margin=&#8221;||||false|false&#8221;][et_pb_column type=&#8221;4_4&#8243; _builder_version=&#8221;4.8.1&#8243; _module_preset=&#8221;default&#8221; background_color=&#8221;rgba(0,0,0,0.48)&#8221; custom_padding=&#8221;15px|15px|15px|15px|false|false&#8221;][et_pb_text _builder_version=&#8221;4.9.3&#8243; _module_preset=&#8221;default&#8221; text_font=&#8221;||||||||&#8221; text_text_color=&#8221;#FFFFFF&#8221; header_text_color=&#8221;#FFFFFF&#8221; hover_enabled=&#8221;0&#8243; header_font_size_last_edited=&#8221;on|phone&#8221; sticky_enabled=&#8221;0&#8243; header_font_size_phone=&#8221;21px&#8221; header_font=&#8221;||||||||&#8221;] Innovativ und am Puls der Zeit \u00a0 [&hellip;]\" \/>\n<meta property=\"og:url\" content=\"https:\/\/kemmann-koch.de\/en\/neuheiten\/\" \/>\n<meta property=\"og:site_name\" content=\"Kemmann &amp; Koch GmbH &amp; Co. Kg\" \/>\n<meta property=\"article:modified_time\" content=\"2021-04-07T08:03:52+00:00\" \/>\n<meta name=\"twitter:card\" content=\"summary_large_image\" \/>\n<meta name=\"twitter:label1\" content=\"Estimated reading time\">\n\t<meta name=\"twitter:data1\" content=\"6 minutes\">\n<script type=\"application\/ld+json\" class=\"yoast-schema-graph\">{\"@context\":\"https:\/\/schema.org\",\"@graph\":[{\"@type\":\"Organization\",\"@id\":\"https:\/\/kemmann-koch.de\/#organization\",\"name\":\"Kemmann & Koch GmbH & Co. KG\",\"url\":\"https:\/\/kemmann-koch.de\/\",\"sameAs\":[],\"logo\":{\"@type\":\"ImageObject\",\"@id\":\"https:\/\/kemmann-koch.de\/#logo\",\"inLanguage\":\"en-GB\",\"url\":\"https:\/\/kemmann-koch.de\/wp-content\/uploads\/2021\/02\/logo_1.svg\",\"contentUrl\":\"https:\/\/kemmann-koch.de\/wp-content\/uploads\/2021\/02\/logo_1.svg\",\"width\":290,\"height\":75,\"caption\":\"Kemmann & Koch GmbH & Co. KG\"},\"image\":{\"@id\":\"https:\/\/kemmann-koch.de\/#logo\"}},{\"@type\":\"WebSite\",\"@id\":\"https:\/\/kemmann-koch.de\/#website\",\"url\":\"https:\/\/kemmann-koch.de\/\",\"name\":\"Kemmann & Koch - M\\u00f6belbeschl\\u00e4ge und Metallwaren\",\"description\":\"M\\u00f6belbeschl\\u00e4ge und Metallwaren\",\"publisher\":{\"@id\":\"https:\/\/kemmann-koch.de\/#organization\"},\"potentialAction\":[{\"@type\":\"SearchAction\",\"target\":\"https:\/\/kemmann-koch.de\/?s={search_term_string}\",\"query-input\":\"required name=search_term_string\"}],\"inLanguage\":\"en-GB\"},{\"@type\":\"WebPage\",\"@id\":\"https:\/\/kemmann-koch.de\/neuheiten\/#webpage\",\"url\":\"https:\/\/kemmann-koch.de\/neuheiten\/\",\"name\":\"Neuheiten - Kemmann &amp; Koch GmbH &amp; Co. Kg\",\"isPartOf\":{\"@id\":\"https:\/\/kemmann-koch.de\/#website\"},\"datePublished\":\"2021-01-25T10:43:02+00:00\",\"dateModified\":\"2021-04-07T08:03:52+00:00\",\"breadcrumb\":{\"@id\":\"https:\/\/kemmann-koch.de\/neuheiten\/#breadcrumb\"},\"inLanguage\":\"en-GB\",\"potentialAction\":[{\"@type\":\"ReadAction\",\"target\":[\"https:\/\/kemmann-koch.de\/neuheiten\/\"]}]},{\"@type\":\"BreadcrumbList\",\"@id\":\"https:\/\/kemmann-koch.de\/neuheiten\/#breadcrumb\",\"itemListElement\":[{\"@type\":\"ListItem\",\"position\":1,\"item\":{\"@type\":\"WebPage\",\"@id\":\"https:\/\/kemmann-koch.de\/\",\"url\":\"https:\/\/kemmann-koch.de\/\",\"name\":\"Home\"}},{\"@type\":\"ListItem\",\"position\":2,\"item\":{\"@type\":\"WebPage\",\"@id\":\"https:\/\/kemmann-koch.de\/neuheiten\/\",\"url\":\"https:\/\/kemmann-koch.de\/neuheiten\/\",\"name\":\"Neuheiten\"}}]}]}<\/script>\n<!-- \/ Yoast SEO plugin. -->","_links":{"self":[{"href":"https:\/\/kemmann-koch.de\/en\/wp-json\/wp\/v2\/pages\/375"}],"collection":[{"href":"https:\/\/kemmann-koch.de\/en\/wp-json\/wp\/v2\/pages"}],"about":[{"href":"https:\/\/kemmann-koch.de\/en\/wp-json\/wp\/v2\/types\/page"}],"author":[{"embeddable":true,"href":"https:\/\/kemmann-koch.de\/en\/wp-json\/wp\/v2\/users\/1"}],"replies":[{"embeddable":true,"href":"https:\/\/kemmann-koch.de\/en\/wp-json\/wp\/v2\/comments?post=375"}],"version-history":[{"count":15,"href":"https:\/\/kemmann-koch.de\/en\/wp-json\/wp\/v2\/pages\/375\/revisions"}],"predecessor-version":[{"id":1559,"href":"https:\/\/kemmann-koch.de\/en\/wp-json\/wp\/v2\/pages\/375\/revisions\/1559"}],"wp:attachment":[{"href":"https:\/\/kemmann-koch.de\/en\/wp-json\/wp\/v2\/media?parent=375"}],"curies":[{"name":"wp","href":"https:\/\/api.w.org\/{rel}","templated":true}]}}